{"id":94,"date":"2024-06-08T14:44:58","date_gmt":"2024-06-08T14:44:58","guid":{"rendered":"https:\/\/turanhealth.com\/index.php\/kontakt\/"},"modified":"2026-03-04T08:43:24","modified_gmt":"2026-03-04T08:43:24","slug":"kontakt","status":"publish","type":"page","link":"https:\/\/turanhealth.com\/index.php\/kontakt\/","title":{"rendered":"Kontakt"},"content":{"rendered":"\t\t<div data-elementor-type=\"wp-page\" data-elementor-id=\"94\" class=\"elementor elementor-94\">\n\t\t\t\t<div class=\"elementor-element elementor-element-f68ec6d e-flex e-con-boxed e-con e-parent\" data-id=\"f68ec6d\" data-element_type=\"container\">\n\t\t\t\t\t<div class=\"e-con-inner\">\n\t\t\t\t<div class=\"elementor-element elementor-element-928b768 elementor-widget elementor-widget-heading\" data-id=\"928b768\" data-element_type=\"widget\" data-widget_type=\"heading.default\">\n\t\t\t\t<div class=\"elementor-widget-container\">\n\t\t\t\t\t<h2 class=\"elementor-heading-title elementor-size-default\">Appointments regarding United States Secretary of Veterans Affairs compensation examination can only be done through relevant goverment contractor. <\/h2>\t\t\t\t<\/div>\n\t\t\t\t<\/div>\n\t\t\t\t<div class=\"elementor-element elementor-element-1ff3a57 elementor-widget elementor-widget-heading\" data-id=\"1ff3a57\" data-element_type=\"widget\" data-widget_type=\"heading.default\">\n\t\t\t\t<div class=\"elementor-widget-container\">\n\t\t\t\t\t<h2 class=\"elementor-heading-title elementor-size-default\">Vi har ledige tider ugentligt. Online Booking | <a href=\"https:\/\/turanhealth.com\/index.php\/faq\/\">https:\/\/turanhealth.com\/index.php\/faq\/<\/a><br><br>\u00d8nskes et opkald med henblik p\u00e5 konsultation eller tidsbookning kan SMS sendes til nedenst\u00e5ende telefonnummer med henblik p\u00e5 opringning. Man er ogs\u00e5 velkommen til at ringe. <br><br>Dokumenter med personf\u00f8lsomme oplysninger kan sendes til turanhealth@proton.me med adviserings til nedenst\u00e5ende mail herom da proton-mailen ikke kontrolleres reg<br>elm\u00e6ssigt. <br><br>L\u00e6s gerne relevante afsnit i \u00f8verste menu samt vigtig- og praktisk info inden tidsbestilling.<br><br>Online Booking | <a href=\"https:\/\/turanhealth.com\/index.php\/faq\/\">https:\/\/turanhealth.com\/index.php\/faq\/<\/a><\/h2>\t\t\t\t<\/div>\n\t\t\t\t<\/div>\n\t\t\t\t<div class=\"elementor-element elementor-element-f5e7e27 elementor-widget elementor-widget-heading\" data-id=\"f5e7e27\" data-element_type=\"widget\" data-widget_type=\"heading.default\">\n\t\t\t\t<div class=\"elementor-widget-container\">\n\t\t\t\t\t<h2 class=\"elementor-heading-title elementor-size-default\">+ 45 53 54 34 59 | info@turanhealth.com<\/h2>\t\t\t\t<\/div>\n\t\t\t\t<\/div>\n\t\t\t\t\t<\/div>\n\t\t\t\t<\/div>\n\t\t<div class=\"elementor-element elementor-element-17929b4 e-con-full e-flex e-con e-parent\" data-id=\"17929b4\" data-element_type=\"container\">\n\t\t\t\t<div class=\"elementor-element elementor-element-9cd9636 elementor-widget elementor-widget-google_maps\" data-id=\"9cd9636\" data-element_type=\"widget\" data-widget_type=\"google_maps.default\">\n\t\t\t\t<div class=\"elementor-widget-container\">\n\t\t\t\t\t\t\t<div class=\"elementor-custom-embed\">\n\t\t\t<iframe loading=\"lazy\"\n\t\t\t\t\tsrc=\"https:\/\/maps.google.com\/maps?q=Turan%20Health%2C%20biblioteksvej%2053A%20Hvidovre%20Denmark&#038;t=m&#038;z=11&#038;output=embed&#038;iwloc=near\"\n\t\t\t\t\ttitle=\"Turan Health, biblioteksvej 53A Hvidovre Denmark\"\n\t\t\t\t\taria-label=\"Turan Health, biblioteksvej 53A Hvidovre Denmark\"\n\t\t\t><\/iframe>\n\t\t<\/div>\n\t\t\t\t\t\t<\/div>\n\t\t\t\t<\/div>\n\t\t\t\t<div class=\"elementor-element elementor-element-e7c542a elementor-widget elementor-widget-spacer\" data-id=\"e7c542a\" data-element_type=\"widget\" data-widget_type=\"spacer.default\">\n\t\t\t\t<div class=\"elementor-widget-container\">\n\t\t\t\t\t\t\t<div class=\"elementor-spacer\">\n\t\t\t<div class=\"elementor-spacer-inner\"><\/div>\n\t\t<\/div>\n\t\t\t\t\t\t<\/div>\n\t\t\t\t<\/div>\n\t\t\t\t<\/div>\n\t\t\t\t<\/div>\n\t\t","protected":false},"excerpt":{"rendered":"<p>Appointments regarding United States Secretary of Veterans Affairs compensation examination can only be done through relevant goverment contractor. Vi har ledige tider ugentligt. Online Booking | https:\/\/turanhealth.com\/index.php\/faq\/ \u00d8nskes et opkald med henblik p\u00e5 konsultation eller tidsbookning kan SMS sendes til nedenst\u00e5ende telefonnummer med henblik p\u00e5 opringning. Man er ogs\u00e5 velkommen til at ringe. Dokumenter med [&hellip;]<\/p>\n","protected":false},"author":1,"featured_media":0,"parent":0,"menu_order":0,"comment_status":"closed","ping_status":"closed","template":"page-kontakt-template","meta":{"saved_in_kubio":true,"footnotes":""},"class_list":["post-94","page","type-page","status-publish","hentry"],"kubio_ai_page_context":{"short_desc":"","purpose":"general"},"_links":{"self":[{"href":"https:\/\/turanhealth.com\/index.php\/wp-json\/wp\/v2\/pages\/94","targetHints":{"allow":["GET"]}}],"collection":[{"href":"https:\/\/turanhealth.com\/index.php\/wp-json\/wp\/v2\/pages"}],"about":[{"href":"https:\/\/turanhealth.com\/index.php\/wp-json\/wp\/v2\/types\/page"}],"author":[{"embeddable":true,"href":"https:\/\/turanhealth.com\/index.php\/wp-json\/wp\/v2\/users\/1"}],"replies":[{"embeddable":true,"href":"https:\/\/turanhealth.com\/index.php\/wp-json\/wp\/v2\/comments?post=94"}],"version-history":[{"count":248,"href":"https:\/\/turanhealth.com\/index.php\/wp-json\/wp\/v2\/pages\/94\/revisions"}],"predecessor-version":[{"id":1443,"href":"https:\/\/turanhealth.com\/index.php\/wp-json\/wp\/v2\/pages\/94\/revisions\/1443"}],"wp:attachment":[{"href":"https:\/\/turanhealth.com\/index.php\/wp-json\/wp\/v2\/media?parent=94"}],"curies":[{"name":"wp","href":"https:\/\/api.w.org\/{rel}","templated":true}]}}